{"id":15,"date":"2018-06-18T06:58:10","date_gmt":"2018-06-18T06:58:10","guid":{"rendered":"https:\/\/il-etait-une-fois-chez-toi.com\/contact\/"},"modified":"2022-10-13T10:21:01","modified_gmt":"2022-10-13T08:21:01","slug":"contact","status":"publish","type":"page","link":"https:\/\/il-etait-une-fois-chez-toi.com\/nl\/contact\/","title":{"rendered":"Contact"},"content":{"rendered":"<div data-elementor-type=\"wp-page\" data-elementor-id=\"15\" class=\"elementor elementor-15\">\n\t\t\t\t\t\t<section class=\"elementor-section elementor-top-section elementor-element elementor-element-2876b2b8 elementor-section-boxed elementor-section-height-default elementor-section-height-default\" data-id=\"2876b2b8\" data-element_type=\"section\" data-e-type=\"section\">\n\t\t\t\t\t\t<div class=\"elementor-container elementor-column-gap-default\">\n\t\t\t\t\t<div class=\"elementor-column elementor-col-100 elementor-top-column elementor-element elementor-element-28813ec1\" data-id=\"28813ec1\" data-element_type=\"column\" data-e-type=\"column\">\n\t\t\t<div class=\"elementor-widget-wrap elementor-element-populated\">\n\t\t\t\t\t\t<div class=\"elementor-element elementor-element-de2560b elementor-widget elementor-widget-spacer\" data-id=\"de2560b\" data-element_type=\"widget\" data-e-type=\"widget\" data-widget_type=\"spacer.default\">\n\t\t\t\t<div class=\"elementor-widget-container\">\n\t\t\t\t\t\t\t<div class=\"elementor-spacer\">\n\t\t\t<div class=\"elementor-spacer-inner\"><\/div>\n\t\t<\/div>\n\t\t\t\t\t\t<\/div>\n\t\t\t\t<\/div>\n\t\t\t\t<div class=\"elementor-element elementor-element-4b6f62d elementor-widget elementor-widget-heading\" data-id=\"4b6f62d\" data-element_type=\"widget\" data-e-type=\"widget\" data-widget_type=\"heading.default\">\n\t\t\t\t<div class=\"elementor-widget-container\">\n\t\t\t\t\t<h1 class=\"elementor-heading-title elementor-size-large\">Contact<\/h1>\t\t\t\t<\/div>\n\t\t\t\t<\/div>\n\t\t\t\t<div class=\"elementor-element elementor-element-3867b19 elementor-widget-divider--view-line elementor-widget elementor-widget-divider\" data-id=\"3867b19\" data-element_type=\"widget\" data-e-type=\"widget\" data-widget_type=\"divider.default\">\n\t\t\t\t<div class=\"elementor-widget-container\">\n\t\t\t\t\t\t\t<div class=\"elementor-divider\">\n\t\t\t<span class=\"elementor-divider-separator\">\n\t\t\t\t\t\t<\/span>\n\t\t<\/div>\n\t\t\t\t\t\t<\/div>\n\t\t\t\t<\/div>\n\t\t\t\t<div class=\"elementor-element elementor-element-1b6bb85f elementor-widget elementor-widget-text-editor\" data-id=\"1b6bb85f\" data-element_type=\"widget\" data-e-type=\"widget\" data-widget_type=\"text-editor.default\">\n\t\t\t\t<div class=\"elementor-widget-container\">\n\t\t\t\t\t\t\t\t\t<p><\/p>\n<p>Heb je een vraag of wil je iets vertellen over de reactie van jouw kind bij het voorlezen van het boek?<\/p>\n<p style=\"font-size: 17.6px; line-height: var(--go--line-height);\">Wil je contact met ons opnemen voor een samenwerkingsverzoek of een technisch probleem bij het opsturen van je foto's?<\/p>\n<p><\/p>\n<p>Neem contact met ons op:&nbsp;<\/p>\n<p><strong>via email: lsamain(a)gmail.com<\/strong><\/p>\n<p><b>via telefoon: 0032.497.545.323<\/b><\/p>\n<p><span style=\"font-size: var(--go--font-size); color: var(--go--color--text); font-weight: var(--go--font-weight,400); letter-spacing: var(--go--letter-spacing,normal);\"><br><\/span><\/p>\n<p><span style=\"font-size: var(--go--font-size); color: var(--go--color--text); font-weight: var(--go--font-weight,400); letter-spacing: var(--go--letter-spacing,normal);\">Bedankt!<\/span><br><\/p>\n<p><\/p>\t\t\t\t\t\t\t\t<\/div>\n\t\t\t\t<\/div>\n\t\t\t\t\t<\/div>\n\t\t<\/div>\n\t\t\t\t\t<\/div>\n\t\t<\/section>\n\t\t\t\t<\/div>","protected":false},"excerpt":{"rendered":"<p>Contact Vous avez une question ou vous souhaitez nous faire part de la r\u00e9action de votre enfant \u00e0 la lecture du livre ? Vous souhaitez nous joindre pour une demande de partenariat ou un soucis technique pour l&rsquo;envoi de vos photos ? Contactez-nous :&nbsp; par e-mail : info(a)iletaitunefoischeztoi.com par t\u00e9l\u00e9phone : 0032.497.545.323 Merci \u00e0 vous [&hellip;]<\/p>\n","protected":false},"author":1,"featured_media":0,"parent":0,"menu_order":0,"comment_status":"closed","ping_status":"closed","template":"","meta":{"_coblocks_attr":"","_coblocks_dimensions":"","_coblocks_responsive_height":"","_coblocks_accordion_ie_support":"","hide_page_title":"enabled","footnotes":""},"class_list":["post-15","page","type-page","status-publish","hentry"],"yoast_head":"<!-- This site is optimized with the Yoast SEO plugin v27.4 - https:\/\/yoast.com\/product\/yoast-seo-wordpress\/ -->\n<title>Contact - Il \u00e9tait une fois chez toi<\/title>\n<meta name=\"robots\" content=\"index, follow, max-snippet:-1, max-image-preview:large, max-video-preview:-1\" \/>\n<link rel=\"canonical\" href=\"https:\/\/il-etait-une-fois-chez-toi.com\/nl\/contact\/\" \/>\n<meta property=\"og:locale\" content=\"nl_NL\" \/>\n<meta property=\"og:type\" content=\"article\" \/>\n<meta property=\"og:title\" content=\"Contact - Il \u00e9tait une fois chez toi\" \/>\n<meta property=\"og:description\" content=\"Contact Vous avez une question ou vous souhaitez nous faire part de la r\u00e9action de votre enfant \u00e0 la lecture du livre ? Vous souhaitez nous joindre pour une demande de partenariat ou un soucis technique pour l&rsquo;envoi de vos photos ? Contactez-nous :&nbsp; par e-mail : info(a)iletaitunefoischeztoi.com par t\u00e9l\u00e9phone : 0032.497.545.323 Merci \u00e0 vous [&hellip;]\" \/>\n<meta property=\"og:url\" content=\"https:\/\/il-etait-une-fois-chez-toi.com\/nl\/contact\/\" \/>\n<meta property=\"og:site_name\" content=\"Il \u00e9tait une fois chez toi\" \/>\n<meta property=\"article:publisher\" content=\"https:\/\/www.facebook.com\/iletaitunefoischeztoi\" \/>\n<meta property=\"article:modified_time\" content=\"2022-10-13T08:21:01+00:00\" \/>\n<meta name=\"twitter:card\" content=\"summary_large_image\" \/>\n<meta name=\"twitter:label1\" content=\"Verwachte leestijd\" \/>\n\t<meta name=\"twitter:data1\" content=\"1 minuut\" \/>\n<script type=\"application\/ld+json\" class=\"yoast-schema-graph\">{\"@context\":\"https:\\\/\\\/schema.org\",\"@graph\":[{\"@type\":\"WebPage\",\"@id\":\"https:\\\/\\\/il-etait-une-fois-chez-toi.com\\\/fr_fr\\\/contact\\\/\",\"url\":\"https:\\\/\\\/il-etait-une-fois-chez-toi.com\\\/fr_fr\\\/contact\\\/\",\"name\":\"Contact - Il \u00e9tait une fois chez toi\",\"isPartOf\":{\"@id\":\"https:\\\/\\\/il-etait-une-fois-chez-toi.com\\\/fr_fr\\\/#website\"},\"datePublished\":\"2018-06-18T06:58:10+00:00\",\"dateModified\":\"2022-10-13T08:21:01+00:00\",\"breadcrumb\":{\"@id\":\"https:\\\/\\\/il-etait-une-fois-chez-toi.com\\\/fr_fr\\\/contact\\\/#breadcrumb\"},\"inLanguage\":\"nl-NL\",\"potentialAction\":[{\"@type\":\"ReadAction\",\"target\":[\"https:\\\/\\\/il-etait-une-fois-chez-toi.com\\\/fr_fr\\\/contact\\\/\"]}]},{\"@type\":\"BreadcrumbList\",\"@id\":\"https:\\\/\\\/il-etait-une-fois-chez-toi.com\\\/fr_fr\\\/contact\\\/#breadcrumb\",\"itemListElement\":[{\"@type\":\"ListItem\",\"position\":1,\"name\":\"Accueil\",\"item\":\"https:\\\/\\\/il-etait-une-fois-chez-toi.com\\\/\"},{\"@type\":\"ListItem\",\"position\":2,\"name\":\"Contact\"}]},{\"@type\":\"WebSite\",\"@id\":\"https:\\\/\\\/il-etait-une-fois-chez-toi.com\\\/fr_fr\\\/#website\",\"url\":\"https:\\\/\\\/il-etait-une-fois-chez-toi.com\\\/fr_fr\\\/\",\"name\":\"Il \u00e9tait une fois chez toi\",\"description\":\"Le 1er livre personnalis\u00e9 qui met en sc\u00e8ne la chambre et le doudou de votre enfant\",\"publisher\":{\"@id\":\"https:\\\/\\\/il-etait-une-fois-chez-toi.com\\\/fr_fr\\\/#organization\"},\"inLanguage\":\"nl-NL\"},{\"@type\":\"Organization\",\"@id\":\"https:\\\/\\\/il-etait-une-fois-chez-toi.com\\\/fr_fr\\\/#organization\",\"name\":\"Il \u00e9tait une fois chez toi\",\"url\":\"https:\\\/\\\/il-etait-une-fois-chez-toi.com\\\/fr_fr\\\/\",\"logo\":{\"@type\":\"ImageObject\",\"inLanguage\":\"nl-NL\",\"@id\":\"https:\\\/\\\/il-etait-une-fois-chez-toi.com\\\/fr_fr\\\/#\\\/schema\\\/logo\\\/image\\\/\",\"url\":\"https:\\\/\\\/il-etait-une-fois-chez-toi.com\\\/wp-content\\\/uploads\\\/2021\\\/03\\\/cropped-cropped-LOGO-2021-03-17_2-1.png\",\"contentUrl\":\"https:\\\/\\\/il-etait-une-fois-chez-toi.com\\\/wp-content\\\/uploads\\\/2021\\\/03\\\/cropped-cropped-LOGO-2021-03-17_2-1.png\",\"width\":1450,\"height\":955,\"caption\":\"Il \u00e9tait une fois chez toi\"},\"image\":{\"@id\":\"https:\\\/\\\/il-etait-une-fois-chez-toi.com\\\/fr_fr\\\/#\\\/schema\\\/logo\\\/image\\\/\"},\"sameAs\":[\"https:\\\/\\\/www.facebook.com\\\/iletaitunefoischeztoi\",\"https:\\\/\\\/www.instagram.com\\\/iletaitunefoischeztoi\\\/\",\"https:\\\/\\\/www.youtube.com\\\/channel\\\/UCmAaQz-Vzww6vsBwcEtv6ag\"]}]}<\/script>\n<!-- \/ Yoast SEO plugin. -->","yoast_head_json":{"title":"Contact - Il \u00e9tait une fois chez toi","robots":{"index":"index","follow":"follow","max-snippet":"max-snippet:-1","max-image-preview":"max-image-preview:large","max-video-preview":"max-video-preview:-1"},"canonical":"https:\/\/il-etait-une-fois-chez-toi.com\/nl\/contact\/","og_locale":"nl_NL","og_type":"article","og_title":"Contact - Il \u00e9tait une fois chez toi","og_description":"Contact Vous avez une question ou vous souhaitez nous faire part de la r\u00e9action de votre enfant \u00e0 la lecture du livre ? Vous souhaitez nous joindre pour une demande de partenariat ou un soucis technique pour l&rsquo;envoi de vos photos ? Contactez-nous :&nbsp; par e-mail : info(a)iletaitunefoischeztoi.com par t\u00e9l\u00e9phone : 0032.497.545.323 Merci \u00e0 vous [&hellip;]","og_url":"https:\/\/il-etait-une-fois-chez-toi.com\/nl\/contact\/","og_site_name":"Il \u00e9tait une fois chez toi","article_publisher":"https:\/\/www.facebook.com\/iletaitunefoischeztoi","article_modified_time":"2022-10-13T08:21:01+00:00","twitter_card":"summary_large_image","twitter_misc":{"Verwachte leestijd":"1 minuut"},"schema":{"@context":"https:\/\/schema.org","@graph":[{"@type":"WebPage","@id":"https:\/\/il-etait-une-fois-chez-toi.com\/fr_fr\/contact\/","url":"https:\/\/il-etait-une-fois-chez-toi.com\/fr_fr\/contact\/","name":"Contact - Il \u00e9tait une fois chez toi","isPartOf":{"@id":"https:\/\/il-etait-une-fois-chez-toi.com\/fr_fr\/#website"},"datePublished":"2018-06-18T06:58:10+00:00","dateModified":"2022-10-13T08:21:01+00:00","breadcrumb":{"@id":"https:\/\/il-etait-une-fois-chez-toi.com\/fr_fr\/contact\/#breadcrumb"},"inLanguage":"nl-NL","potentialAction":[{"@type":"ReadAction","target":["https:\/\/il-etait-une-fois-chez-toi.com\/fr_fr\/contact\/"]}]},{"@type":"BreadcrumbList","@id":"https:\/\/il-etait-une-fois-chez-toi.com\/fr_fr\/contact\/#breadcrumb","itemListElement":[{"@type":"ListItem","position":1,"name":"Accueil","item":"https:\/\/il-etait-une-fois-chez-toi.com\/"},{"@type":"ListItem","position":2,"name":"Contact"}]},{"@type":"WebSite","@id":"https:\/\/il-etait-une-fois-chez-toi.com\/fr_fr\/#website","url":"https:\/\/il-etait-une-fois-chez-toi.com\/fr_fr\/","name":"Er was eens bij jou thuis","description":"Le 1er livre personnalis\u00e9 qui met en sc\u00e8ne la chambre et le doudou de votre enfant","publisher":{"@id":"https:\/\/il-etait-une-fois-chez-toi.com\/fr_fr\/#organization"},"inLanguage":"nl-NL"},{"@type":"Organization","@id":"https:\/\/il-etait-une-fois-chez-toi.com\/fr_fr\/#organization","name":"Er was eens bij jou thuis","url":"https:\/\/il-etait-une-fois-chez-toi.com\/fr_fr\/","logo":{"@type":"ImageObject","inLanguage":"nl-NL","@id":"https:\/\/il-etait-une-fois-chez-toi.com\/fr_fr\/#\/schema\/logo\/image\/","url":"https:\/\/il-etait-une-fois-chez-toi.com\/wp-content\/uploads\/2021\/03\/cropped-cropped-LOGO-2021-03-17_2-1.png","contentUrl":"https:\/\/il-etait-une-fois-chez-toi.com\/wp-content\/uploads\/2021\/03\/cropped-cropped-LOGO-2021-03-17_2-1.png","width":1450,"height":955,"caption":"Il \u00e9tait une fois chez toi"},"image":{"@id":"https:\/\/il-etait-une-fois-chez-toi.com\/fr_fr\/#\/schema\/logo\/image\/"},"sameAs":["https:\/\/www.facebook.com\/iletaitunefoischeztoi","https:\/\/www.instagram.com\/iletaitunefoischeztoi\/","https:\/\/www.youtube.com\/channel\/UCmAaQz-Vzww6vsBwcEtv6ag"]}]}},"_links":{"self":[{"href":"https:\/\/il-etait-une-fois-chez-toi.com\/nl\/wp-json\/wp\/v2\/pages\/15","targetHints":{"allow":["GET"]}}],"collection":[{"href":"https:\/\/il-etait-une-fois-chez-toi.com\/nl\/wp-json\/wp\/v2\/pages"}],"about":[{"href":"https:\/\/il-etait-une-fois-chez-toi.com\/nl\/wp-json\/wp\/v2\/types\/page"}],"author":[{"embeddable":true,"href":"https:\/\/il-etait-une-fois-chez-toi.com\/nl\/wp-json\/wp\/v2\/users\/1"}],"replies":[{"embeddable":true,"href":"https:\/\/il-etait-une-fois-chez-toi.com\/nl\/wp-json\/wp\/v2\/comments?post=15"}],"version-history":[{"count":76,"href":"https:\/\/il-etait-une-fois-chez-toi.com\/nl\/wp-json\/wp\/v2\/pages\/15\/revisions"}],"predecessor-version":[{"id":6050,"href":"https:\/\/il-etait-une-fois-chez-toi.com\/nl\/wp-json\/wp\/v2\/pages\/15\/revisions\/6050"}],"wp:attachment":[{"href":"https:\/\/il-etait-une-fois-chez-toi.com\/nl\/wp-json\/wp\/v2\/media?parent=15"}],"curies":[{"name":"wp","href":"https:\/\/api.w.org\/{rel}","templated":true}]}}